{"id":7,"date":"2018-06-12T09:30:27","date_gmt":"2018-06-12T09:30:27","guid":{"rendered":"http:\/\/www.famaservice.es\/?page_id=7"},"modified":"2023-02-08T17:30:52","modified_gmt":"2023-02-08T17:30:52","slug":"inicio","status":"publish","type":"page","link":"http:\/\/www.famaservice.es\/","title":{"rendered":"ADMINISTRACI\u00d3N DE FINCAS &#038; SERVICIOS"},"content":{"rendered":"<h2 style=\"text-align: center;\"><\/h2>\n<h1 style=\"text-align: center;\"><strong>\u00a0\u00a1Bienvenid@s a nuestra web!\u00a0\u00a0<\/strong><\/h1>\n<h2><\/h2>\n<blockquote>\n<h2 style=\"text-align: center;\"><strong>FAMASERVICE est\u00e1 especializada en ADMINISTRACI\u00d3N DE COMUNIDADES DE VECIN@S en Sevilla y provincia.<\/strong><\/h2>\n<h2 style=\"text-align: center;\"><strong>Ponemos a su disposici\u00f3n todas nuestras herramientas para realizar un control riguroso de gastos y presupuestos en su COMUNIDAD.<\/strong><\/h2>\n<h2 style=\"text-align: center;\"><strong>A su vez realizamos gesti\u00f3n INMOBILIARIA y ALQUILERES seguros de todo tipo de viviendas, locales y oficinas.<\/strong><\/h2>\n<\/blockquote>\n<h2 style=\"text-align: center;\"><\/h2>\n<blockquote>\n<h2 style=\"text-align: center;\"><strong>Disponemos tambi\u00e9n de un equipo profesional multidisplicinar en \u00e1reas de ADMINISTRACI\u00d3N INTEGRAL ,ASESOR\u00cdA JUR\u00cdDICA LABORAL Y FISCAL, SEGUROS especializada en AUT\u00d3NOMOS Y PEQUE\u00d1A EMPRESA . <\/strong><strong>\u00a0Somos especialistas y eficaces!!\u00a0<\/strong><\/h2>\n<h2 style=\"text-align: center;\"><strong>P\u00cdDANOS\u00a0<em>GRATIS SU PRESUPUESTO Y COMIENCE A AHORRAR!<\/em><\/strong><\/h2>\n<\/blockquote>\n<blockquote>\n<h2 style=\"text-align: center;\"><strong><em>SIN COMPROMISO<\/em><\/strong> Y ADAPTADO A SUS NECESIDADES<\/h2>\n<h2 style=\"text-align: center;\"><strong>TRABAJO, TOTAL CONFIANZA Y RESPONSABILIDAD GARANTIZADA<\/strong><\/h2>\n<h2 style=\"text-align: center;\"><strong>LL\u00c1MENOS A LOS TEL\u00c9FONOS: <\/strong><\/h2>\n<h2 style=\"text-align: center;\"><strong>954 439 839\/608 490 187<\/strong><\/h2>\n<h2 style=\"text-align: center;\"><strong>O BIEN REM\u00cdTANOS SUS DATOS Y NOS PONDREMOS EN CONTACTO CON USTED A:<\/strong><\/h2>\n<h2>\u00a0 \u00a0 \u00a0 \u00a0 \u00a0 \u00a0 \u00a0 \u00a0 \u00a0 \u00a0 \u00a0 \u00a0info@famaservice.es\/fmsfincas@gmail.com<\/h2>\n<h2 style=\"text-align: center;\"><strong><span style=\"color: #ffffff;\">info@famaservice.es<\/span><\/strong><\/h2>\n<h1><\/h1>\n<h1><\/h1>\n<h1><img loading=\"lazy\" class=\"size-medium wp-image-312 aligncenter\" src=\"http:\/\/www.famaservice.es\/wp-content\/uploads\/2019\/02\/imagen-corporativa-300x92.png\" alt=\"\" width=\"300\" height=\"92\" srcset=\"http:\/\/www.famaservice.es\/wp-content\/uploads\/2019\/02\/imagen-corporativa-300x92.png 300w, http:\/\/www.famaservice.es\/wp-content\/uploads\/2019\/02\/imagen-corporativa.png 406w\" sizes=\"(max-width: 300px) 100vw, 300px\" \/><\/h1>\n<\/blockquote>\n","protected":false},"excerpt":{"rendered":"<p>\u00a0\u00a1Bienvenid@s a nuestra web!\u00a0\u00a0 FAMASERVICE est\u00e1 especializada en ADMINISTRACI\u00d3N DE COMUNIDADES DE VECIN@S en Sevilla y provincia. Ponemos a su disposici\u00f3n todas nuestras herramientas para realizar un control riguroso de gastos y presupuestos en su COMUNIDAD. A su vez realizamos gesti\u00f3n INMOBILIARIA y ALQUILERES seguros de todo tipo de viviendas, locales y oficinas. Disponemos tambi\u00e9n [&hellip;]<\/p>\n","protected":false},"author":1,"featured_media":13,"parent":0,"menu_order":0,"comment_status":"closed","ping_status":"closed","template":"template-frontpage.php","meta":[],"_links":{"self":[{"href":"http:\/\/www.famaservice.es\/index.php?rest_route=\/wp\/v2\/pages\/7"}],"collection":[{"href":"http:\/\/www.famaservice.es\/index.php?rest_route=\/wp\/v2\/pages"}],"about":[{"href":"http:\/\/www.famaservice.es\/index.php?rest_route=\/wp\/v2\/types\/page"}],"author":[{"embeddable":true,"href":"http:\/\/www.famaservice.es\/index.php?rest_route=\/wp\/v2\/users\/1"}],"replies":[{"embeddable":true,"href":"http:\/\/www.famaservice.es\/index.php?rest_route=%2Fwp%2Fv2%2Fcomments&post=7"}],"version-history":[{"count":112,"href":"http:\/\/www.famaservice.es\/index.php?rest_route=\/wp\/v2\/pages\/7\/revisions"}],"predecessor-version":[{"id":413,"href":"http:\/\/www.famaservice.es\/index.php?rest_route=\/wp\/v2\/pages\/7\/revisions\/413"}],"wp:featuredmedia":[{"embeddable":true,"href":"http:\/\/www.famaservice.es\/index.php?rest_route=\/wp\/v2\/media\/13"}],"wp:attachment":[{"href":"http:\/\/www.famaservice.es\/index.php?rest_route=%2Fwp%2Fv2%2Fmedia&parent=7"}],"curies":[{"name":"wp","href":"https:\/\/api.w.org\/{rel}","templated":true}]}}