{"id":363,"date":"2019-09-11T17:08:05","date_gmt":"2019-09-11T17:08:05","guid":{"rendered":"http:\/\/www.famaservice.es\/?page_id=363"},"modified":"2019-09-14T08:56:46","modified_gmt":"2019-09-14T08:56:46","slug":"servicios","status":"publish","type":"page","link":"http:\/\/www.famaservice.es\/?page_id=363","title":{"rendered":"SERVICIOS"},"content":{"rendered":"<h3><em><strong>FAMASERVICE<\/strong>\u00a0 les ofrece servicios en:<\/em><\/h3>\n<ul>\n<li><strong>ADMINISTRACI\u00d3N DE FINCAS COLEGIADOS<\/strong>. <strong>Deje en nuestras manos<\/strong> <strong>profesionales su Comunidad de Propietarios, una normativa cambiante que\u00a0cada vez hace m\u00e1s necesaria la gesti\u00f3n por profesionales que nos ocuparemos de:<\/strong><\/li>\n<li><strong>Establecer plan de\u00a0medidas contra la morosidad y recuperaci\u00f3n de deudas.<\/strong><\/li>\n<li><strong>Optimizaci\u00f3n de costes\u00a0de todos sus proveedores.<\/strong><\/li>\n<li><strong>Visitas peri\u00f3dicas e informes peri\u00f3dicos. Estaremos en el d\u00eda a d\u00eda de su Comunidad.<\/strong><\/li>\n<li><strong>Estableceremos planes de conservaci\u00f3n y mantenimiento correcto de sus inmuebles.<\/strong><\/li>\n<li><strong>Nos estableceremos como mediadores en sus problemas orientados a la soluci\u00f3n m\u00e1s ventajosa<\/strong>.<\/li>\n<\/ul>\n<p><em><strong>\u00a0 \u00a0OTROS SERVICIOS:<\/strong><\/em><\/p>\n<ul>\n<li><strong>Gesti\u00f3n Contable.<\/strong><\/li>\n<li><strong>Gesti\u00f3n Laboral.<\/strong><\/li>\n<li><strong>Gesti\u00f3n Fiscal.<\/strong><\/li>\n<li><strong>Gestiones con Organismos P\u00fablicos.<\/strong><\/li>\n<li><strong>Asesoramiento en materia de licencias, permisos de caza.<\/strong><\/li>\n<li><strong>Gestiones Inmobiliarias.<\/strong><\/li>\n<li><strong>Gesti\u00f3n de apartamentos tur\u00edsticos.<\/strong><\/li>\n<li><strong>Gestiones de \u00edndole comercial.<\/strong><\/li>\n<li><strong>Certificados Digitales.<\/strong><\/li>\n<\/ul>\n<p><!--more--><\/p>\n","protected":false},"excerpt":{"rendered":"<p>FAMASERVICE\u00a0 les ofrece servicios en: ADMINISTRACI\u00d3N DE FINCAS COLEGIADOS. Deje en nuestras manos profesionales su Comunidad de Propietarios, una normativa cambiante que\u00a0cada vez hace m\u00e1s necesaria la gesti\u00f3n por profesionales que nos ocuparemos de: Establecer plan de\u00a0medidas contra la morosidad y recuperaci\u00f3n de deudas. Optimizaci\u00f3n de costes\u00a0de todos sus proveedores. Visitas peri\u00f3dicas e informes peri\u00f3dicos. [&hellip;]<\/p>\n","protected":false},"author":1,"featured_media":184,"parent":8,"menu_order":0,"comment_status":"closed","ping_status":"closed","template":"","meta":[],"_links":{"self":[{"href":"http:\/\/www.famaservice.es\/index.php?rest_route=\/wp\/v2\/pages\/363"}],"collection":[{"href":"http:\/\/www.famaservice.es\/index.php?rest_route=\/wp\/v2\/pages"}],"about":[{"href":"http:\/\/www.famaservice.es\/index.php?rest_route=\/wp\/v2\/types\/page"}],"author":[{"embeddable":true,"href":"http:\/\/www.famaservice.es\/index.php?rest_route=\/wp\/v2\/users\/1"}],"replies":[{"embeddable":true,"href":"http:\/\/www.famaservice.es\/index.php?rest_route=%2Fwp%2Fv2%2Fcomments&post=363"}],"version-history":[{"count":4,"href":"http:\/\/www.famaservice.es\/index.php?rest_route=\/wp\/v2\/pages\/363\/revisions"}],"predecessor-version":[{"id":371,"href":"http:\/\/www.famaservice.es\/index.php?rest_route=\/wp\/v2\/pages\/363\/revisions\/371"}],"up":[{"embeddable":true,"href":"http:\/\/www.famaservice.es\/index.php?rest_route=\/wp\/v2\/pages\/8"}],"wp:featuredmedia":[{"embeddable":true,"href":"http:\/\/www.famaservice.es\/index.php?rest_route=\/wp\/v2\/media\/184"}],"wp:attachment":[{"href":"http:\/\/www.famaservice.es\/index.php?rest_route=%2Fwp%2Fv2%2Fmedia&parent=363"}],"curies":[{"name":"wp","href":"https:\/\/api.w.org\/{rel}","templated":true}]}}